{"id":1019,"date":"2022-06-09T13:25:23","date_gmt":"2022-06-09T11:25:23","guid":{"rendered":"https:\/\/sprengepiel-pipers.de\/wordpress\/?page_id=1019"},"modified":"2023-11-10T21:48:01","modified_gmt":"2023-11-10T20:48:01","slug":"tartan","status":"publish","type":"page","link":"https:\/\/sprengepiel-pipers.de\/wordpress\/?page_id=1019","title":{"rendered":"Tartan"},"content":{"rendered":"\n<p><strong><em><u>Tartan:<\/u><\/em><\/strong><br>Die Sprengepiel Pipers e.V. tragen den &#8222;Rittmeister Sprengepiel&#8220; Tartan<br>Designer: Kiltmaker Donald MacKenzie<br><\/p>\n\n\n\n<p>Definition der Tartan-Farben:<br><em>Schwarz: die Dunkelheit der Knechtschaft<br>Magenta: die Abwehrkraft, Belastbarkeit und Verbindung zur Erde<br>Mittelgrau: Das Wetter in den Highlands<br>Light Grey: Die Brandung an Schottlands K\u00fcsten<\/em><br><br>Hierbei handelt es sich um einen &#8222;private Tartan&#8220; der Pipeband &#8222;Sprengepiel Pipers e.V.&#8220;<br>Beschr\u00e4nkt auf Bandmitglieder oder andere Personen mit Erlaubnis der Eigent\u00fcmer.<br>Der Tartan darf nur mit Erlaubnis der Eigent\u00fcmer gewebt werden.<\/p>\n\n\n\n<p><\/p>\n\n\n\n<p>Registriert beim \u201eThe Scottish Register of Tartans\u201c<\/p>\n\n\n\n<p><\/p>\n\n\n\n<p><a href=\"https:\/\/www.tartanregister.gov.uk\/tartanDetails?ref=13522\" target=\"_blank\" rel=\"noreferrer noopener\">https:\/\/www.tartanregister.gov.uk\/tartanDetails?ref=1352<\/a><a href=\"https:\/\/www.tartanregister.gov.uk\/tartanDetails?ref=13522\">2<\/a><\/p>\n\n\n\n<p><\/p>\n\n\n<div class=\"wp-block-image\">\n<figure class=\"aligncenter size-full\"><img loading=\"lazy\" decoding=\"async\" width=\"342\" height=\"390\" src=\"https:\/\/sprengepiel-pipers.de\/wordpress\/wp-content\/uploads\/2022\/05\/IMG_20220317_142906-edited.jpg\" alt=\"\" class=\"wp-image-897\" srcset=\"https:\/\/sprengepiel-pipers.de\/wordpress\/wp-content\/uploads\/2022\/05\/IMG_20220317_142906-edited.jpg 342w, https:\/\/sprengepiel-pipers.de\/wordpress\/wp-content\/uploads\/2022\/05\/IMG_20220317_142906-edited-263x300.jpg 263w\" sizes=\"auto, (max-width: 342px) 100vw, 342px\" \/><figcaption class=\"wp-element-caption\">Tartan Rittmeister Sprengepiel von Donald MacKenzie<\/figcaption><\/figure>\n<\/div>","protected":false},"excerpt":{"rendered":"<p>Tartan:Die Sprengepiel Pipers e.V. tragen den &#8222;Rittmeister Sprengepiel&#8220; TartanDesigner: Kiltmaker Donald MacKenzie Definition der Tartan-Farben:Schwarz: die Dunkelheit der KnechtschaftMagenta: die Abwehrkraft, Belastbarkeit und Verbindung zur ErdeMittelgrau: Das Wetter in den [&hellip;]<\/p>\n","protected":false},"author":2,"featured_media":0,"parent":0,"menu_order":0,"comment_status":"closed","ping_status":"closed","template":"","meta":{"_coblocks_attr":"","_coblocks_dimensions":"","_coblocks_responsive_height":"","_coblocks_accordion_ie_support":"","_EventAllDay":false,"_EventTimezone":"","_EventStartDate":"","_EventEndDate":"","_EventStartDateUTC":"","_EventEndDateUTC":"","_EventShowMap":false,"_EventShowMapLink":false,"_EventURL":"","_EventCost":"","_EventCostDescription":"","_EventCurrencySymbol":"","_EventCurrencyCode":"","_EventCurrencyPosition":"","_EventDateTimeSeparator":"","_EventTimeRangeSeparator":"","_EventOrganizerID":[],"_EventVenueID":[],"_OrganizerEmail":"","_OrganizerPhone":"","_OrganizerWebsite":"","_VenueAddress":"","_VenueCity":"","_VenueCountry":"","_VenueProvince":"","_VenueState":"","_VenueZip":"","_VenuePhone":"","_VenueURL":"","_VenueStateProvince":"","_VenueLat":"","_VenueLng":"","_VenueShowMap":false,"_VenueShowMapLink":false,"footnotes":""},"categories":[],"tags":[],"class_list":["post-1019","page","type-page","status-publish","hentry"],"_links":{"self":[{"href":"https:\/\/sprengepiel-pipers.de\/wordpress\/index.php?rest_route=\/wp\/v2\/pages\/1019","targetHints":{"allow":["GET"]}}],"collection":[{"href":"https:\/\/sprengepiel-pipers.de\/wordpress\/index.php?rest_route=\/wp\/v2\/pages"}],"about":[{"href":"https:\/\/sprengepiel-pipers.de\/wordpress\/index.php?rest_route=\/wp\/v2\/types\/page"}],"author":[{"embeddable":true,"href":"https:\/\/sprengepiel-pipers.de\/wordpress\/index.php?rest_route=\/wp\/v2\/users\/2"}],"replies":[{"embeddable":true,"href":"https:\/\/sprengepiel-pipers.de\/wordpress\/index.php?rest_route=%2Fwp%2Fv2%2Fcomments&post=1019"}],"version-history":[{"count":5,"href":"https:\/\/sprengepiel-pipers.de\/wordpress\/index.php?rest_route=\/wp\/v2\/pages\/1019\/revisions"}],"predecessor-version":[{"id":1146,"href":"https:\/\/sprengepiel-pipers.de\/wordpress\/index.php?rest_route=\/wp\/v2\/pages\/1019\/revisions\/1146"}],"wp:attachment":[{"href":"https:\/\/sprengepiel-pipers.de\/wordpress\/index.php?rest_route=%2Fwp%2Fv2%2Fmedia&parent=1019"}],"wp:term":[{"taxonomy":"category","embeddable":true,"href":"https:\/\/sprengepiel-pipers.de\/wordpress\/index.php?rest_route=%2Fwp%2Fv2%2Fcategories&post=1019"},{"taxonomy":"post_tag","embeddable":true,"href":"https:\/\/sprengepiel-pipers.de\/wordpress\/index.php?rest_route=%2Fwp%2Fv2%2Ftags&post=1019"}],"curies":[{"name":"wp","href":"https:\/\/api.w.org\/{rel}","templated":true}]}}