{"id":445,"date":"2016-09-27T10:30:02","date_gmt":"2016-09-27T10:30:02","guid":{"rendered":"http:\/\/fitness2.mythemecloud.io\/?page_id=445"},"modified":"2026-02-10T16:18:44","modified_gmt":"2026-02-10T15:18:44","slug":"contact","status":"publish","type":"page","link":"https:\/\/sprengepiel-pipers.de\/wordpress\/?page_id=445","title":{"rendered":"Kontakt"},"content":{"rendered":"<p>Sie planen eine Feierlichkeit und m\u00f6chten etwas ganz besonderes pr\u00e4sentieren? Dann engagieren Sie uns!<\/p>\n<p>Die Sprengepiel Pipers f\u00fchren j\u00e4hrlich bundesweit eine Vielzahl von Auftritten jeder Gr\u00f6\u00dfe durch.<\/p>\n<p>Hierzu z\u00e4hlen Hochzeiten, Geburtstage, Firmenjubil\u00e4en, Stadtfeste, Beerdigungen uva.<\/p>\n<p>Je nach Bedarf und Wunsch kann z.B.<\/p>\n<p>\u2013 die gesamte Band mit bis zu 15 Dudelsackspielern und Trommlern<\/p>\n<p>\u2013 ein Sextett (3 Dudelsackspieler und 3 Trommler)<\/p>\n<p>\u2013 ein Solo-Dudelsackspieler<\/p>\n<p>\u2013 oder jegliche andere Zusammenstellung<\/p>\n<p>gebucht werden.<\/p>\n<p>Die Kosten f\u00fcr die Auftritte richten sich nach der Anzahl der Spieler und den m\u00f6glicherweise entstehenden Fahrtkosten. Wir richten uns hier ganz nach Ihren Vorstellungen und erstellen gern ein individuelles Angebot. Bitte scheuen Sie sich nicht eine unverbindliche Anfrage an uns zu stellen.<\/p>\n<h3>Addresse<\/h3>\n<p>Sprengepiel Pipers e.V.<br \/>\nLucia Breves<br \/>\nLerchentaler Stra\u00dfe 31<br \/>\n49393 Lohne<\/p>\n<h3>Email Addresse<\/h3>\n<p>info@sprengepiel-pipers.de<\/p>\n<h3><\/h3>\n","protected":false},"excerpt":{"rendered":"<p>Sie planen eine Feierlichkeit und m\u00f6chten etwas ganz besonderes pr\u00e4sentieren? Dann engagieren Sie uns! Die Sprengepiel Pipers f\u00fchren j\u00e4hrlich bundesweit eine Vielzahl von Auftritten jeder Gr\u00f6\u00dfe durch. Hierzu z\u00e4hlen Hochzeiten, [&hellip;]<\/p>\n","protected":false},"author":2,"featured_media":0,"parent":0,"menu_order":0,"comment_status":"closed","ping_status":"closed","template":"","meta":{"_coblocks_attr":"","_coblocks_dimensions":"","_coblocks_responsive_height":"","_coblocks_accordion_ie_support":"","_EventAllDay":false,"_EventTimezone":"","_EventStartDate":"","_EventEndDate":"","_EventStartDateUTC":"","_EventEndDateUTC":"","_EventShowMap":false,"_EventShowMapLink":false,"_EventURL":"","_EventCost":"","_EventCostDescription":"","_EventCurrencySymbol":"","_EventCurrencyCode":"","_EventCurrencyPosition":"","_EventDateTimeSeparator":"","_EventTimeRangeSeparator":"","_EventOrganizerID":[],"_EventVenueID":[],"_OrganizerEmail":"","_OrganizerPhone":"","_OrganizerWebsite":"","_VenueAddress":"","_VenueCity":"","_VenueCountry":"","_VenueProvince":"","_VenueState":"","_VenueZip":"","_VenuePhone":"","_VenueURL":"","_VenueStateProvince":"","_VenueLat":"","_VenueLng":"","_VenueShowMap":false,"_VenueShowMapLink":false,"footnotes":""},"categories":[],"tags":[],"class_list":["post-445","page","type-page","status-publish","hentry"],"_links":{"self":[{"href":"https:\/\/sprengepiel-pipers.de\/wordpress\/index.php?rest_route=\/wp\/v2\/pages\/445","targetHints":{"allow":["GET"]}}],"collection":[{"href":"https:\/\/sprengepiel-pipers.de\/wordpress\/index.php?rest_route=\/wp\/v2\/pages"}],"about":[{"href":"https:\/\/sprengepiel-pipers.de\/wordpress\/index.php?rest_route=\/wp\/v2\/types\/page"}],"author":[{"embeddable":true,"href":"https:\/\/sprengepiel-pipers.de\/wordpress\/index.php?rest_route=\/wp\/v2\/users\/2"}],"replies":[{"embeddable":true,"href":"https:\/\/sprengepiel-pipers.de\/wordpress\/index.php?rest_route=%2Fwp%2Fv2%2Fcomments&post=445"}],"version-history":[{"count":7,"href":"https:\/\/sprengepiel-pipers.de\/wordpress\/index.php?rest_route=\/wp\/v2\/pages\/445\/revisions"}],"predecessor-version":[{"id":2457,"href":"https:\/\/sprengepiel-pipers.de\/wordpress\/index.php?rest_route=\/wp\/v2\/pages\/445\/revisions\/2457"}],"wp:attachment":[{"href":"https:\/\/sprengepiel-pipers.de\/wordpress\/index.php?rest_route=%2Fwp%2Fv2%2Fmedia&parent=445"}],"wp:term":[{"taxonomy":"category","embeddable":true,"href":"https:\/\/sprengepiel-pipers.de\/wordpress\/index.php?rest_route=%2Fwp%2Fv2%2Fcategories&post=445"},{"taxonomy":"post_tag","embeddable":true,"href":"https:\/\/sprengepiel-pipers.de\/wordpress\/index.php?rest_route=%2Fwp%2Fv2%2Ftags&post=445"}],"curies":[{"name":"wp","href":"https:\/\/api.w.org\/{rel}","templated":true}]}}