{"id":869,"date":"2022-05-17T12:03:10","date_gmt":"2022-05-17T10:03:10","guid":{"rendered":"https:\/\/sprengepiel-pipers.de\/wordpress\/?page_id=869"},"modified":"2024-12-11T08:47:07","modified_gmt":"2024-12-11T07:47:07","slug":"unser-verein","status":"publish","type":"page","link":"https:\/\/sprengepiel-pipers.de\/wordpress\/?page_id=869","title":{"rendered":"Unser Verein"},"content":{"rendered":"\n<h3 class=\"wp-block-heading has-text-align-center\"><strong>Biographie<\/strong><\/h3>\n\n\n\n<p><br>Im Dezember 2021 fasste der Great Highland Bagpipespieler Christof Lienesch den Entschluss nach mehrj\u00e4hrigen \u00dcberlegungen und intensiven Planungen<br>in Vechta eine schottische Pipe- and Drumband zu gr\u00fcnden.<br>Ein Bandname mit der Verbindung zur Stadt Vechta schwebte ihm dabei bereits seit langen im Kopf.<br><\/p>\n\n\n\n<p>Musikbegeisterte Mitglieder fanden sich im Vechtaer Umfeld sehr schnell, sodass am 24.Februar 2022 die Gr\u00fcndungsversammlung mit 39 Mitgliedern abgehalten werden konnte.<br>Zum Vorsitzenden wurde Christof Lienesch gew\u00e4hlt.<br>Die Pipeband setzte sich bei Ihrer Gr\u00fcndung aus 24 Pipern und 15 Drummern zusammen.<br><\/p>\n\n\n<div class=\"wp-block-image is-resized\">\n<figure class=\"aligncenter size-large\"><img loading=\"lazy\" decoding=\"async\" width=\"1024\" height=\"683\" src=\"https:\/\/sprengepiel-pipers.de\/wordpress\/wp-content\/uploads\/2022\/05\/DSC_8240-1024x683.jpg\" alt=\"\" class=\"wp-image-864\" srcset=\"https:\/\/sprengepiel-pipers.de\/wordpress\/wp-content\/uploads\/2022\/05\/DSC_8240-1024x683.jpg 1024w, https:\/\/sprengepiel-pipers.de\/wordpress\/wp-content\/uploads\/2022\/05\/DSC_8240-300x200.jpg 300w, https:\/\/sprengepiel-pipers.de\/wordpress\/wp-content\/uploads\/2022\/05\/DSC_8240-768x512.jpg 768w, https:\/\/sprengepiel-pipers.de\/wordpress\/wp-content\/uploads\/2022\/05\/DSC_8240-1536x1024.jpg 1536w, https:\/\/sprengepiel-pipers.de\/wordpress\/wp-content\/uploads\/2022\/05\/DSC_8240-2048x1365.jpg 2048w\" sizes=\"auto, (max-width: 1024px) 100vw, 1024px\" \/><figcaption class=\"wp-element-caption\">Gr\u00fcndungsmitglieder<\/figcaption><\/figure>\n<\/div>\n\n\n<p><br>Am 23.M\u00e4rz erfolgte die Eintragung als Verein beim Amtsgericht Oldenburg und anschlie\u00dfend die Anerkennung der Gemeinn\u00fctzigkeit durch das Finanzamt Vechta.<br><br>Die intensive Ausbildung der Piper und Drummer begann im April 2022. Die Ausbildung der Piper \u00fcbernahm Christof Lienesch. <br>Die Drummer werden seitdem von Michael Hemmersbach ausgebildet.<br>Derzeit ist die Beschaffung der Instrumente und Outfits in Planung mit einem Kostenvolumen von ca. 150.000\u20ac, die privat von den Mitgliedern getragen werden m\u00fcssen.<br>Wir sind daher sehr dankbar \u00fcber Spenden und Zuwendungen von F\u00f6rderern um unser Ziel leichter erreichen zu k\u00f6nnen.<\/p>\n\n\n\n<p><\/p>\n\n\n\n<figure class=\"wp-block-embed is-type-video is-provider-youtube wp-block-embed-youtube wp-embed-aspect-16-9 wp-has-aspect-ratio\"><div class=\"wp-block-embed__wrapper\">\n<iframe loading=\"lazy\" title=\"Spiel auf dem Dudelsack sorgt f\u00fcr G\u00e4nsehaut\" width=\"1300\" height=\"731\" src=\"https:\/\/www.youtube.com\/embed\/gsZlzQVXxLI?start=187&#038;feature=oembed\" frameborder=\"0\" allow=\"accelerometer; autoplay; clipboard-write; encrypted-media; gyroscope; picture-in-picture; web-share\" referrerpolicy=\"strict-origin-when-cross-origin\" allowfullscreen><\/iframe>\n<\/div><\/figure>\n\n\n\n<h3 class=\"wp-block-heading\"><\/h3>\n\n\n\n<h3 class=\"wp-block-heading has-text-align-center\"><strong>Die Bandmitglieder<\/strong><\/h3>\n\n\n\n<p><\/p>\n\n\n\n<p>Die Band besteht nicht, wie man vermuten w\u00fcrde, aus Schotten, sondern vielmehr aus Hobbymusikern die sich der schottische Musikkultur verschrieben haben. Unsere Mitspieler kommen aus dem Vechtaer Umland. Geprobt wird mindestens einmal w\u00f6chentlich am Donnerstag Abend. <br>Die Ausbildung erfolgt im Verein. Unser Ziel ist es die schottische Musikkultur in ihrer traditionellen Art und Weise einem breiten Publikum zu vermitteln.<\/p>\n\n\n\n<figure class=\"wp-block-gallery has-nested-images columns-default is-cropped wp-block-gallery-1 is-layout-flex wp-block-gallery-is-layout-flex\">\n<figure class=\"wp-block-image size-large\"><img loading=\"lazy\" decoding=\"async\" width=\"1024\" height=\"767\" data-id=\"1044\" src=\"https:\/\/sprengepiel-pipers.de\/wordpress\/wp-content\/uploads\/2022\/06\/p2-1024x767.jpg\" alt=\"\" class=\"wp-image-1044\"\/><\/figure>\n\n\n\n<figure class=\"wp-block-image size-large\"><img loading=\"lazy\" decoding=\"async\" width=\"1024\" height=\"1024\" data-id=\"1083\" src=\"https:\/\/sprengepiel-pipers.de\/wordpress\/wp-content\/uploads\/2022\/06\/p1-1-1024x1024.jpg\" alt=\"\" class=\"wp-image-1083\" srcset=\"https:\/\/sprengepiel-pipers.de\/wordpress\/wp-content\/uploads\/2022\/06\/p1-1-1024x1024.jpg 1024w, https:\/\/sprengepiel-pipers.de\/wordpress\/wp-content\/uploads\/2022\/06\/p1-1-300x300.jpg 300w, https:\/\/sprengepiel-pipers.de\/wordpress\/wp-content\/uploads\/2022\/06\/p1-1-150x150.jpg 150w, https:\/\/sprengepiel-pipers.de\/wordpress\/wp-content\/uploads\/2022\/06\/p1-1-768x768.jpg 768w, https:\/\/sprengepiel-pipers.de\/wordpress\/wp-content\/uploads\/2022\/06\/p1-1-650x650.jpg 650w, https:\/\/sprengepiel-pipers.de\/wordpress\/wp-content\/uploads\/2022\/06\/p1-1-1300x1300.jpg 1300w, https:\/\/sprengepiel-pipers.de\/wordpress\/wp-content\/uploads\/2022\/06\/p1-1.jpg 1440w\" sizes=\"auto, (max-width: 1024px) 100vw, 1024px\" \/><\/figure>\n<\/figure>\n\n\n\n<h3 class=\"wp-block-heading has-text-align-center\"><strong>Die Geschichte vom Sprengepiel<\/strong><br><\/h3>\n\n\n\n<p><strong>Rittmeister Lambert Sprengespiel:<\/strong><br><br>Rittmeister Sprengepiel lebte von 1640 bis etwa 1658\/1664 in Vechta und<br>kaufte dort 1643 das Gut Falkenrott.<\/p>\n\n\n\n<p>Er befehligte im sp\u00e4ten Drei\u00dfigj\u00e4hrigen Krieg auf kaiserlicher Seite eine freie Kompanie mit 81 S\u00f6ldnern und k\u00e4mpfte<br>gegen die Schweden.<\/p>\n\n\n\n<p><br>In der Sage hat Sprengepiel (oder auch Sprengepyl) den Rang eines&nbsp;<a rel=\"noreferrer noopener\" href=\"https:\/\/deref-gmx.net\/mail\/client\/5w9t3H86HY0\/dereferrer\/?redirectUrl=https%3A%2F%2Fde.wikipedia.org%2Fwiki%2FOberst\" target=\"_blank\">Obersts<\/a>&nbsp;und ist mit dem Teufel im Bunde,<br>der ihn und seine Leute bei Gefahr in B\u00fcsche verwandelt, damit die Schweden sie nicht entdecken.<br>Nach seinem Tod ist Sprengepiel dazu verdammt, in der Gestalt eines gro\u00dfen schwarzen Kettenhundes mit gl\u00fchenden Augen nachts in Vechta zu spuken.<\/p>\n\n\n\n<h3 class=\"wp-block-heading has-text-align-center\"><br><strong>Unser Logo<\/strong><\/h3>\n\n\n\n<p>Unser Logo ist ein runder geknoteter G\u00fcrtel mit Metallbeschl\u00e4gen, der den Schriftzug &#8222;Sprengepiel Pipers e.V.&#8220; tr\u00e4gt.<br>Gekr\u00f6nt wird der G\u00fcrtel von der Bl\u00fcte der schottischen Distel.<br>Im G\u00fcrtel ist der Sprengepiel Kettenhund mit gerissener Kette vor dem angedeuteten Vechtaer Stadttor dargestellt.<br>Links vom Stadttor steht ein Piper, rechts davon ein Tenordrummer.<\/p>\n\n\n<div class=\"wp-block-image is-resized\">\n<figure class=\"aligncenter size-medium\"><img loading=\"lazy\" decoding=\"async\" width=\"190\" height=\"300\" src=\"https:\/\/sprengepiel-pipers.de\/wordpress\/wp-content\/uploads\/2023\/10\/LOGO_Transparent-190x300.png\" alt=\"\" class=\"wp-image-1138\" srcset=\"https:\/\/sprengepiel-pipers.de\/wordpress\/wp-content\/uploads\/2023\/10\/LOGO_Transparent-190x300.png 190w, https:\/\/sprengepiel-pipers.de\/wordpress\/wp-content\/uploads\/2023\/10\/LOGO_Transparent.png 485w\" sizes=\"auto, (max-width: 190px) 100vw, 190px\" \/><figcaption class=\"wp-element-caption\">Logo Sprengepiel Pipers e.V.<\/figcaption><\/figure>\n<\/div>\n\n\n<p><\/p>\n\n\n\n<p><\/p>\n\n\n\n<p><\/p>\n","protected":false},"excerpt":{"rendered":"<p>Biographie Im Dezember 2021 fasste der Great Highland Bagpipespieler Christof Lienesch den Entschluss nach mehrj\u00e4hrigen \u00dcberlegungen und intensiven Planungenin Vechta eine schottische Pipe- and Drumband zu gr\u00fcnden.Ein Bandname mit der [&hellip;]<\/p>\n","protected":false},"author":2,"featured_media":0,"parent":0,"menu_order":0,"comment_status":"closed","ping_status":"closed","template":"","meta":{"_coblocks_attr":"","_coblocks_dimensions":"","_coblocks_responsive_height":"","_coblocks_accordion_ie_support":"","_EventAllDay":false,"_EventTimezone":"","_EventStartDate":"","_EventEndDate":"","_EventStartDateUTC":"","_EventEndDateUTC":"","_EventShowMap":false,"_EventShowMapLink":false,"_EventURL":"","_EventCost":"","_EventCostDescription":"","_EventCurrencySymbol":"","_EventCurrencyCode":"","_EventCurrencyPosition":"","_EventDateTimeSeparator":"","_EventTimeRangeSeparator":"","_EventOrganizerID":[],"_EventVenueID":[],"_OrganizerEmail":"","_OrganizerPhone":"","_OrganizerWebsite":"","_VenueAddress":"","_VenueCity":"","_VenueCountry":"","_VenueProvince":"","_VenueState":"","_VenueZip":"","_VenuePhone":"","_VenueURL":"","_VenueStateProvince":"","_VenueLat":"","_VenueLng":"","_VenueShowMap":false,"_VenueShowMapLink":false,"footnotes":""},"categories":[],"tags":[],"class_list":["post-869","page","type-page","status-publish","hentry"],"_links":{"self":[{"href":"https:\/\/sprengepiel-pipers.de\/wordpress\/index.php?rest_route=\/wp\/v2\/pages\/869","targetHints":{"allow":["GET"]}}],"collection":[{"href":"https:\/\/sprengepiel-pipers.de\/wordpress\/index.php?rest_route=\/wp\/v2\/pages"}],"about":[{"href":"https:\/\/sprengepiel-pipers.de\/wordpress\/index.php?rest_route=\/wp\/v2\/types\/page"}],"author":[{"embeddable":true,"href":"https:\/\/sprengepiel-pipers.de\/wordpress\/index.php?rest_route=\/wp\/v2\/users\/2"}],"replies":[{"embeddable":true,"href":"https:\/\/sprengepiel-pipers.de\/wordpress\/index.php?rest_route=%2Fwp%2Fv2%2Fcomments&post=869"}],"version-history":[{"count":30,"href":"https:\/\/sprengepiel-pipers.de\/wordpress\/index.php?rest_route=\/wp\/v2\/pages\/869\/revisions"}],"predecessor-version":[{"id":2357,"href":"https:\/\/sprengepiel-pipers.de\/wordpress\/index.php?rest_route=\/wp\/v2\/pages\/869\/revisions\/2357"}],"wp:attachment":[{"href":"https:\/\/sprengepiel-pipers.de\/wordpress\/index.php?rest_route=%2Fwp%2Fv2%2Fmedia&parent=869"}],"wp:term":[{"taxonomy":"category","embeddable":true,"href":"https:\/\/sprengepiel-pipers.de\/wordpress\/index.php?rest_route=%2Fwp%2Fv2%2Fcategories&post=869"},{"taxonomy":"post_tag","embeddable":true,"href":"https:\/\/sprengepiel-pipers.de\/wordpress\/index.php?rest_route=%2Fwp%2Fv2%2Ftags&post=869"}],"curies":[{"name":"wp","href":"https:\/\/api.w.org\/{rel}","templated":true}]}}